{"id":1208,"date":"2023-08-01T15:01:47","date_gmt":"2023-08-01T13:01:47","guid":{"rendered":"https:\/\/www.olympia-homes.ch\/?page_id=1208"},"modified":"2023-10-24T16:24:58","modified_gmt":"2023-10-24T14:24:58","slug":"a-propos-de-nous","status":"publish","type":"page","link":"https:\/\/www.olympia-homes.ch\/fr\/a-propos-de-nous\/","title":{"rendered":"\u00c0 propos de nous"},"content":{"rendered":"<div class=\"wp-bootstrap-blocks-row row\">\n\t\n\n<div class=\"col-12 col-md-7\">\n\t\t\t\n\n<p>Notre<\/p>\n<h2>Histoire<\/h2>\n\n\n\n<p class=\"intro\">Bienvenue chez Olympia Homes, votre source de confiance pour des locations \u00e0 court terme exceptionnelles.<\/p>\n<p><strong>Notre Histoire<\/strong><\/p>\n<p>Rencontrez Carlos et Samantha, un couple suisse-colombien et anciens \u00e9l\u00e8ves de la prestigieuse EHL (\u00c9cole h\u00f4teli\u00e8re de Lausanne), promotions 2009 et 2015. Actuellement r\u00e9sidant \u00e0 Londres avec leurs deux enfants, leur aventure a commenc\u00e9 avec une id\u00e9e simple mais convaincante en 2020 : introduire un concept d&rsquo;appartement enti\u00e8rement meubl\u00e9 et \u00e9quip\u00e9 \u00e0 Lausanne, offrant des tarifs enti\u00e8rement transparents, incluant tous les co\u00fbts.<\/p>\n<p><strong>Notre Engagement<\/strong><\/p>\n<p>Chez Olympia Homes, nous nous engageons \u00e0 cr\u00e9er une exp\u00e9rience de voyage inoubliable pour vous. Nos appartements soigneusement choisis, notre service personnalis\u00e9 et notre expertise locale nous distinguent. Nous croyons en la puissance du design exceptionnel, de la commodit\u00e9 et, surtout, de votre confort et de votre s\u00e9curit\u00e9.<\/p>\n<p>Olympia Homes, o\u00f9 l&rsquo;hospitalit\u00e9 rencontre le chez-soi !<\/p>\n<p>Nous avons h\u00e2te de vous entendre, <br \/>Samantha et Carlos<\/p>\n\n\t<\/div>\n\n\n\n<div class=\"col-12 col-md-5\">\n\t\t\t\n\n<figure class=\"wp-block-image size-full\"><img loading=\"lazy\" decoding=\"async\" width=\"460\" height=\"668\" src=\"https:\/\/www.olympia-homes.ch\/app\/uploads\/2023\/03\/tile-2.jpg\" alt=\"\" class=\"wp-image-449\" srcset=\"https:\/\/www.olympia-homes.ch\/app\/uploads\/2023\/03\/tile-2.jpg 460w, https:\/\/www.olympia-homes.ch\/app\/uploads\/2023\/03\/tile-2-207x300.jpg 207w\" sizes=\"auto, (max-width: 460px) 100vw, 460px\" \/><\/figure>\n\n\t<\/div>\n\n<\/div>\n\n\n\n        <\/div>\n        <div class=\"slider-animated-elements-section inview\">\n                                                        <div class=\"slider-animated-elements slider-load-2 \">\n                                    <div class=\"slide\">\n                        <div class=\"slick-caption container\">\n                            <div class=\"slick-caption-inner\">\n                                <p class=\"subtitle\">Proximity<\/p>\n                                <p class=\"title\">03\u2019<\/p>\n                                <p class=\"description\">From the EHL Hospitality Business School<\/p>\n                            <\/div>\n                        <\/div>\n                    <\/div>\n                                    <div class=\"slide\">\n                        <div class=\"slick-caption container\">\n                            <div class=\"slick-caption-inner\">\n                                <p class=\"subtitle\">Proximity<\/p>\n                                <p class=\"title\">06\u2019<\/p>\n                                <p class=\"description\">From the Lausanne train station<\/p>\n                            <\/div>\n                        <\/div>\n                    <\/div>\n                                <\/div>\n                <div class=\"slider-controls\">\n                    <p class=\"prev slick-arrow\">Pr\u00e9c\u00e9dent<\/p>\n                    <div class=\"pagingInfo\">\n                        <span class=\"current\"><\/span>\n                        <div class=\"timeline playing\">\/<\/div>\n                        <span class=\"total\"><\/span>\n                    <\/div>\n                    <p class=\"next slick-arrow\">Suivant<\/p>\n                <\/div>\n                    <\/div>\n        <div class=\"container\">\n\n\n\n\n\n    <div class=\"key-points-section \">\n        <p class=\"subtitle\">We offer<\/p>\n        <h2>Quality first<\/h2>\n        <div class=\"row\">\n            <div class=\"col-lg-6\">\n                <p class=\"intro\">You can expect a consistent set of amenities, to make your stay as convenient and comfortable as possible, whether your stay is for a weekend, or a few weeks \u2013 from optic fibre WIFI, TV with Netflix, speakers connected to Spotify, to fully equipped kitchen with all the necessary cooking essentials.<\/p>\n            <\/div>\n            <div class=\"col-lg-6 col-xl-5 offset-xl-1\">\n                                    <div class=\"key-points\">\n                                                    <div class=\"key-point key-point-green\">\n                                <p class=\"key-points-title\">Arrivals<\/p>\n                                <div class=\"key-point-children\">\n                                                                            <div class=\"key-point-line\">\n                                            <p><span class=\"material-symbols-outlined\">remote_gen<\/span>Numeric code<\/p>\n                                        <\/div>\n                                                                            <div class=\"key-point-line\">\n                                            <p><span class=\"material-symbols-outlined\">luggage<\/span>Luggage deposit<\/p>\n                                        <\/div>\n                                                                    <\/div>\n                            <\/div>\n                                                    <div class=\"key-point key-point-blue\">\n                                <p class=\"key-points-title\">Equipment<\/p>\n                                <div class=\"key-point-children\">\n                                                                            <div class=\"key-point-line\">\n                                            <p><span class=\"material-symbols-outlined\">desk<\/span>User-friendly workspaces<\/p>\n                                        <\/div>\n                                                                            <div class=\"key-point-line\">\n                                            <p><span class=\"material-symbols-outlined\">wifi<\/span>Fast WIFI <\/p>\n                                        <\/div>\n                                                                            <div class=\"key-point-line\">\n                                            <p><span class=\"material-symbols-outlined\">notifications<\/span>Quiet environment.<\/p>\n                                        <\/div>\n                                                                            <div class=\"key-point-line\">\n                                            <p><span class=\"material-symbols-outlined\">coffee_maker<\/span>Nespresso coffee machine<\/p>\n                                        <\/div>\n                                                                            <div class=\"key-point-line\">\n                                            <p><span class=\"material-symbols-outlined\">water_drop<\/span>Filtered or bottled water<\/p>\n                                        <\/div>\n                                                                            <div class=\"key-point-line\">\n                                            <p><span class=\"material-symbols-outlined\">countertops<\/span>Fully equipped kitchen<\/p>\n                                        <\/div>\n                                                                            <div class=\"key-point-line\">\n                                            <p><span class=\"material-symbols-outlined\">iron<\/span>Iron and ironing board<\/p>\n                                        <\/div>\n                                                                            <div class=\"key-point-line\">\n                                            <p><span class=\"material-symbols-outlined\">air_purifier_gen<\/span>Hair dryer<\/p>\n                                        <\/div>\n                                                                            <div class=\"key-point-line\">\n                                            <p><span class=\"material-symbols-outlined\">shelves<\/span>Lots of storage space<\/p>\n                                        <\/div>\n                                                                    <\/div>\n                            <\/div>\n                                                    <div class=\"key-point key-point-purple\">\n                                <p class=\"key-points-title\">For a fee<\/p>\n                                <div class=\"key-point-children\">\n                                                                            <div class=\"key-point-line\">\n                                            <p><span class=\"material-symbols-outlined\">local_laundry_service<\/span>Access to washing machine and dryer<\/p>\n                                        <\/div>\n                                                                            <div class=\"key-point-line\">\n                                            <p><span class=\"material-symbols-outlined\">local_parking<\/span>Underground parking<\/p>\n                                        <\/div>\n                                                                            <div class=\"key-point-line\">\n                                            <p><span class=\"material-symbols-outlined\">self_improvement<\/span>Private yoga class<\/p>\n                                        <\/div>\n                                                                            <div class=\"key-point-line\">\n                                            <p><span class=\"material-symbols-outlined\">crib<\/span>Service for children<\/p>\n                                        <\/div>\n                                                                            <div class=\"key-point-line\">\n                                            <p><span class=\"material-symbols-outlined\">sound_detection_dog_barking<\/span>Service for animals<\/p>\n                                        <\/div>\n                                                                            <div class=\"key-point-line\">\n                                            <p><span class=\"material-symbols-outlined\">brunch_dining<\/span>Food and beverage packages<\/p>\n                                        <\/div>\n                                                                            <div class=\"key-point-line\">\n                                            <p><span class=\"material-symbols-outlined\">local_mall<\/span>Groceries shopping<\/p>\n                                        <\/div>\n                                                                            <div class=\"key-point-line\">\n                                            <p><span class=\"material-symbols-outlined\">child_care<\/span>Babysitting<\/p>\n                                        <\/div>\n                                                                    <\/div>\n                            <\/div>\n                                            <\/div>\n                            <\/div>\n        <\/div>\n    <\/div>\n\n\n\n<hr class=\"wp-block-separator has-alpha-channel-opacity\"\/>\n\n\n<p class=\"subtitle\" style=\"text-align: center;\">Discover the<\/p>\n<h2 style=\"text-align: center;\">Activit\u00e9s \u00e0 Lausanne<\/h2>\n\n\n            <div class=\"tile-container \">\n            <div class=\"row\">\n                                    <a href=\"https:\/\/www.olympia-homes.ch\/eating-out\" class=\"tile col-md-4\" cursor-class=\"arrow\">                        <div class=\"img-wrapper\">\n                            <img decoding=\"async\" src=\"https:\/\/www.olympia-homes.ch\/app\/uploads\/2023\/08\/restaurant-460x668.jpg\" alt=\"\"\/>\n                            <img decoding=\"async\" src=\"https:\/\/www.olympia-homes.ch\/app\/themes\/child\/assets\/images\/frame.svg\" class=\"svg-frame\"\/>\n                        <\/div>\n                        <p class=\"tile-title\" data-hover=\"Eat and drink\"><span>Eat and drink<\/span><\/p>\n                    <\/a>                                    <a href=\"https:\/\/www.olympia-homes.ch\/activities-in-lausanne\" class=\"tile col-md-4\" cursor-class=\"arrow\">                        <div class=\"img-wrapper\">\n                            <img decoding=\"async\" src=\"https:\/\/www.olympia-homes.ch\/app\/uploads\/2023\/08\/lausanne-city-460x668.jpg\" alt=\"\"\/>\n                            <img decoding=\"async\" src=\"https:\/\/www.olympia-homes.ch\/app\/themes\/child\/assets\/images\/frame.svg\" class=\"svg-frame\"\/>\n                        <\/div>\n                        <p class=\"tile-title\" data-hover=\"Explore\"><span>Explore<\/span><\/p>\n                    <\/a>                                    <a href=\"https:\/\/www.lausanne-tourisme.ch\/en\/public-transportation\/\" class=\"tile col-md-4\" cursor-class=\"arrow\">                        <div class=\"img-wrapper\">\n                            <img decoding=\"async\" src=\"https:\/\/www.olympia-homes.ch\/app\/uploads\/2023\/08\/transport-460x668.jpg\" alt=\"\"\/>\n                            <img decoding=\"async\" src=\"https:\/\/www.olympia-homes.ch\/app\/themes\/child\/assets\/images\/frame.svg\" class=\"svg-frame\"\/>\n                        <\/div>\n                        <p class=\"tile-title\" data-hover=\"Transport\"><span>Transport<\/span><\/p>\n                    <\/a>                            <\/div>\n        <\/div>\n    \n\n","protected":false},"excerpt":{"rendered":"<p>Discover the Activit\u00e9s \u00e0 Lausanne<\/p>\n","protected":false},"author":9,"featured_media":0,"parent":0,"menu_order":0,"comment_status":"closed","ping_status":"closed","template":"template-banner-illustration.php","meta":{"_acf_changed":false,"footnotes":""},"class_list":["post-1208","page","type-page","status-publish","hentry"],"acf":[],"aioseo_notices":[],"_links":{"self":[{"href":"https:\/\/www.olympia-homes.ch\/fr\/wp-json\/wp\/v2\/pages\/1208","targetHints":{"allow":["GET"]}}],"collection":[{"href":"https:\/\/www.olympia-homes.ch\/fr\/wp-json\/wp\/v2\/pages"}],"about":[{"href":"https:\/\/www.olympia-homes.ch\/fr\/wp-json\/wp\/v2\/types\/page"}],"author":[{"embeddable":true,"href":"https:\/\/www.olympia-homes.ch\/fr\/wp-json\/wp\/v2\/users\/9"}],"replies":[{"embeddable":true,"href":"https:\/\/www.olympia-homes.ch\/fr\/wp-json\/wp\/v2\/comments?post=1208"}],"version-history":[{"count":37,"href":"https:\/\/www.olympia-homes.ch\/fr\/wp-json\/wp\/v2\/pages\/1208\/revisions"}],"predecessor-version":[{"id":1430,"href":"https:\/\/www.olympia-homes.ch\/fr\/wp-json\/wp\/v2\/pages\/1208\/revisions\/1430"}],"wp:attachment":[{"href":"https:\/\/www.olympia-homes.ch\/fr\/wp-json\/wp\/v2\/media?parent=1208"}],"curies":[{"name":"wp","href":"https:\/\/api.w.org\/{rel}","templated":true}]}}