{"id":1348,"date":"2023-07-25T14:55:46","date_gmt":"2023-07-25T12:55:46","guid":{"rendered":"https:\/\/www.olympia-homes.ch\/?page_id=1348"},"modified":"2023-08-04T16:56:43","modified_gmt":"2023-08-04T14:56:43","slug":"activites-a-lausanne","status":"publish","type":"page","link":"https:\/\/www.olympia-homes.ch\/fr\/activites-a-lausanne\/","title":{"rendered":"Activit\u00e9s \u00e0 Lausanne"},"content":{"rendered":"<div class=\"wp-bootstrap-blocks-row row\">\n\t\n\n<div class=\"col-12 col-md-7\">\n\t\t\t\n\n<p>Profitez toute l\u2019ann\u00e9e de nombreuses activit\u00e9s \u00e0 Lausanne et aux alentours.<\/p>\n\n\n\n<p>D\u00e9couvrez les richesses culturelles de notre r\u00e9gion, les sorties et d\u00e9couverte de la ville.<\/p>\n\n\n\n<p>Les appartements d\u2019Olympia Homes sont id\u00e9alement situ\u00e9s, \u00e0 seulement 15 minutes du centre de Lausanne et parfaitement reli\u00e9s aux bus et au m\u00e9tro.<\/p>\n\n\n\n<p>Nous disposons \u00e9galement d\u2019un parking couvert (payant) et sommes \u00e9quip\u00e9s de bornes de recharge pour les voitures \u00e9lectriques.<br>Vous pouvez facilement vous d\u00e9placer.<\/p>\n\n\n\n<p>D\u00e9couvrez ci-dessous quelques points d\u2019int\u00e9r\u00eat que nous avons s\u00e9lectionn\u00e9s pour vous.<\/p>\n\n\t<\/div>\n\n\n\n<div class=\"col-12 col-md-5\">\n\t\t\t\n\n<figure class=\"wp-block-image size-full\"><img loading=\"lazy\" decoding=\"async\" width=\"600\" height=\"395\" src=\"https:\/\/www.olympia-homes.ch\/app\/uploads\/2023\/08\/Ville-de-lausanne.jpg\" alt=\"\" class=\"wp-image-1356\" srcset=\"https:\/\/www.olympia-homes.ch\/app\/uploads\/2023\/08\/Ville-de-lausanne.jpg 600w, https:\/\/www.olympia-homes.ch\/app\/uploads\/2023\/08\/Ville-de-lausanne-300x198.jpg 300w, https:\/\/www.olympia-homes.ch\/app\/uploads\/2023\/08\/Ville-de-lausanne-456x300.jpg 456w\" sizes=\"auto, (max-width: 600px) 100vw, 600px\" \/><\/figure>\n\n\t<\/div>\n\n<\/div>\n\n\n\n<hr class=\"wp-block-separator has-alpha-channel-opacity\"\/>\n\n\n\n            <div class=\"tile-container \">\n            <div class=\"row\">\n                                    <a href=\"https:\/\/www.chaplinsworld.com\/en\" class=\"tile col-md-4\" cursor-class=\"arrow\">                        <div class=\"img-wrapper\">\n                            <img decoding=\"async\" src=\"https:\/\/www.olympia-homes.ch\/app\/uploads\/2023\/08\/Chaplin-460x668.jpg\" alt=\"\"\/>\n                            <img decoding=\"async\" src=\"https:\/\/www.olympia-homes.ch\/app\/themes\/child\/assets\/images\/frame.svg\" class=\"svg-frame\"\/>\n                        <\/div>\n                        <p class=\"tile-title\" data-hover=\"Chaplin's World\"><span>Chaplin&rsquo;s World<\/span><\/p>\n                    <\/a>                                    <a href=\"https:\/\/olympics.com\/museum\/\" class=\"tile col-md-4\" cursor-class=\"arrow\">                        <div class=\"img-wrapper\">\n                            <img decoding=\"async\" src=\"https:\/\/www.olympia-homes.ch\/app\/uploads\/2023\/08\/musee-olympic-460x668.jpg\" alt=\"\"\/>\n                            <img decoding=\"async\" src=\"https:\/\/www.olympia-homes.ch\/app\/themes\/child\/assets\/images\/frame.svg\" class=\"svg-frame\"\/>\n                        <\/div>\n                        <p class=\"tile-title\" data-hover=\"Olympic Museum\"><span>Olympic Museum<\/span><\/p>\n                    <\/a>                                    <a href=\"https:\/\/thekey.ch\/\" class=\"tile col-md-4\" cursor-class=\"arrow\">                        <div class=\"img-wrapper\">\n                            <img decoding=\"async\" src=\"https:\/\/www.olympia-homes.ch\/app\/uploads\/2023\/08\/the-key-460x668.jpg\" alt=\"\"\/>\n                            <img decoding=\"async\" src=\"https:\/\/www.olympia-homes.ch\/app\/themes\/child\/assets\/images\/frame.svg\" class=\"svg-frame\"\/>\n                        <\/div>\n                        <p class=\"tile-title\" data-hover=\"Scape Game\"><span>Scape Game<\/span><\/p>\n                    <\/a>                            <\/div>\n        <\/div>\n    \n\n\n\n\n            <div class=\"tile-container \">\n            <div class=\"row\">\n                                    <a href=\"https:\/\/www.chaplinsworld.com\/en\" class=\"tile col-md-4\" cursor-class=\"arrow\">                        <div class=\"img-wrapper\">\n                            <img decoding=\"async\" src=\"https:\/\/www.olympia-homes.ch\/app\/uploads\/2023\/08\/Cathedral-460x668.jpg\" alt=\"\"\/>\n                            <img decoding=\"async\" src=\"https:\/\/www.olympia-homes.ch\/app\/themes\/child\/assets\/images\/frame.svg\" class=\"svg-frame\"\/>\n                        <\/div>\n                        <p class=\"tile-title\" data-hover=\"Lausanne Cathedral\"><span>Lausanne Cathedral<\/span><\/p>\n                    <\/a>                                    <a href=\"https:\/\/olympics.com\/museum\/\" class=\"tile col-md-4\" cursor-class=\"arrow\">                        <div class=\"img-wrapper\">\n                            <img decoding=\"async\" src=\"https:\/\/www.olympia-homes.ch\/app\/uploads\/2023\/08\/sauvabelin-460x668.jpg\" alt=\"\"\/>\n                            <img decoding=\"async\" src=\"https:\/\/www.olympia-homes.ch\/app\/themes\/child\/assets\/images\/frame.svg\" class=\"svg-frame\"\/>\n                        <\/div>\n                        <p class=\"tile-title\" data-hover=\"Tour de Sauvabelin\"><span>Tour de Sauvabelin<\/span><\/p>\n                    <\/a>                                    <a href=\"https:\/\/www.mcba.ch\/en\/\" class=\"tile col-md-4\" cursor-class=\"arrow\">                        <div class=\"img-wrapper\">\n                            <img decoding=\"async\" src=\"https:\/\/www.olympia-homes.ch\/app\/uploads\/2023\/08\/MCBA-460x668.jpg\" alt=\"\"\/>\n                            <img decoding=\"async\" src=\"https:\/\/www.olympia-homes.ch\/app\/themes\/child\/assets\/images\/frame.svg\" class=\"svg-frame\"\/>\n                        <\/div>\n                        <p class=\"tile-title\" data-hover=\"MCBA\"><span>MCBA<\/span><\/p>\n                    <\/a>                            <\/div>\n        <\/div>\n    \n\n\n\n\n            <div class=\"tile-container \">\n            <div class=\"row\">\n                                    <a href=\"https:\/\/cailler.ch\/en\/cailler-experiences\" class=\"tile col-md-4\" cursor-class=\"arrow\">                        <div class=\"img-wrapper\">\n                            <img decoding=\"async\" src=\"https:\/\/www.olympia-homes.ch\/app\/uploads\/2023\/08\/Cailler-460x668.jpg\" alt=\"\"\/>\n                            <img decoding=\"async\" src=\"https:\/\/www.olympia-homes.ch\/app\/themes\/child\/assets\/images\/frame.svg\" class=\"svg-frame\"\/>\n                        <\/div>\n                        <p class=\"tile-title\" data-hover=\"Maison Cailler\"><span>Maison Cailler<\/span><\/p>\n                    <\/a>                                    <a href=\"https:\/\/www.cgn.ch\/en\/\" class=\"tile col-md-4\" cursor-class=\"arrow\">                        <div class=\"img-wrapper\">\n                            <img decoding=\"async\" src=\"https:\/\/www.olympia-homes.ch\/app\/uploads\/2023\/08\/CGN-boat-trip-460x668.jpg\" alt=\"\"\/>\n                            <img decoding=\"async\" src=\"https:\/\/www.olympia-homes.ch\/app\/themes\/child\/assets\/images\/frame.svg\" class=\"svg-frame\"\/>\n                        <\/div>\n                        <p class=\"tile-title\" data-hover=\"CGN Boat trip\"><span>CGN Boat trip<\/span><\/p>\n                    <\/a>                                    <a href=\"https:\/\/fondation-hermitage.ch\/?id=54&#038;L=1\" class=\"tile col-md-4\" cursor-class=\"arrow\">                        <div class=\"img-wrapper\">\n                            <img decoding=\"async\" src=\"https:\/\/www.olympia-homes.ch\/app\/uploads\/2023\/08\/hermitage-460x668.jpg\" alt=\"\"\/>\n                            <img decoding=\"async\" src=\"https:\/\/www.olympia-homes.ch\/app\/themes\/child\/assets\/images\/frame.svg\" class=\"svg-frame\"\/>\n                        <\/div>\n                        <p class=\"tile-title\" data-hover=\"Fondation de l'Hermitage\"><span>Fondation de l&rsquo;Hermitage<\/span><\/p>\n                    <\/a>                            <\/div>\n        <\/div>\n    \n\n\n\n\n<div class=\"wp-block-buttons is-layout-flex wp-block-buttons-is-layout-flex\">\n<div class=\"wp-block-button\"><a class=\"wp-block-button__link wp-element-button\" href=\"https:\/\/www.olympia-homes.ch\/eating-out\/\">Eat and drink<\/a><\/div>\n<\/div>\n","protected":false},"excerpt":{"rendered":"","protected":false},"author":9,"featured_media":0,"parent":0,"menu_order":0,"comment_status":"closed","ping_status":"closed","template":"template-banner-illustration.php","meta":{"_acf_changed":false,"footnotes":""},"class_list":["post-1348","page","type-page","status-publish","hentry"],"acf":[],"aioseo_notices":[],"_links":{"self":[{"href":"https:\/\/www.olympia-homes.ch\/fr\/wp-json\/wp\/v2\/pages\/1348","targetHints":{"allow":["GET"]}}],"collection":[{"href":"https:\/\/www.olympia-homes.ch\/fr\/wp-json\/wp\/v2\/pages"}],"about":[{"href":"https:\/\/www.olympia-homes.ch\/fr\/wp-json\/wp\/v2\/types\/page"}],"author":[{"embeddable":true,"href":"https:\/\/www.olympia-homes.ch\/fr\/wp-json\/wp\/v2\/users\/9"}],"replies":[{"embeddable":true,"href":"https:\/\/www.olympia-homes.ch\/fr\/wp-json\/wp\/v2\/comments?post=1348"}],"version-history":[{"count":2,"href":"https:\/\/www.olympia-homes.ch\/fr\/wp-json\/wp\/v2\/pages\/1348\/revisions"}],"predecessor-version":[{"id":1358,"href":"https:\/\/www.olympia-homes.ch\/fr\/wp-json\/wp\/v2\/pages\/1348\/revisions\/1358"}],"wp:attachment":[{"href":"https:\/\/www.olympia-homes.ch\/fr\/wp-json\/wp\/v2\/media?parent=1348"}],"curies":[{"name":"wp","href":"https:\/\/api.w.org\/{rel}","templated":true}]}}