{"id":1387,"date":"2023-08-08T11:21:17","date_gmt":"2023-08-08T09:21:17","guid":{"rendered":"https:\/\/www.olympia-homes.ch\/?page_id=1387"},"modified":"2024-11-11T16:17:06","modified_gmt":"2024-11-11T15:17:06","slug":"prix","status":"publish","type":"page","link":"https:\/\/www.olympia-homes.ch\/fr\/prix\/","title":{"rendered":"Prix"},"content":{"rendered":"\n<p>Pensez \u00e0 une tarification transparente pour les locations \u00e0 court terme comme si vous faisiez vos achats avec une \u00e9tiquette de prix sur tout. Pas de surprises, pas de frais cach\u00e9s, seulement une communication claire et honn\u00eate sur ce que vous payez. C&rsquo;est comme avoir un ami qui vous dit le co\u00fbt r\u00e9el des choses sans aucun petit texte sournois. Donc, lorsque vous r\u00e9servez cet appartement confortable, vous savez exactement ce que vous obtenez et ce que cela vous co\u00fbtera. Tout tourne autour de rendre votre exp\u00e9rience de location aussi fluide et sans stress que possible !<\/p>\n\n\n\n<p>Les diff\u00e9rents gammes de prix<\/p>\n\n\n\n<p>Studios 30m2<br>Nuit CHF 145.- \/ Hebdomadaire (7 nuits) CHF 955.- \/ Mensuel CHF 2\u2019750.-<br>Weekly cleaning. CHF 75.- \/ Check out cleaning CHF 125.-<\/p>\n\n\n\n<p>1-chambre 50m2<br>Nuit CHF 165.- \/ Hebdomadaire (7 nights) CHF 1&rsquo;050.- \/ Mensuel CHF 3&rsquo;150.- <br>Nettoyage hebdomadaire CHF 95.- \/ Nettoyage de d\u00e9part CHF 165.-<\/p>\n\n\n\n<p>2-chambres 75m2<br>Nuit CHF 240.- \/ Hebdomadaire (7 nights) CHF 1\u2019600.- \/ Mensuel 3&rsquo;950.-<br>Nettoyage hebdomadaire CHF 105.- \/ Nettoyage de d\u00e9part CHF 175.-<\/p>\n\n\n\n<p>3-chambres 110m2<br>Nuit CHF 265.- \/ Hebdomadaire (7 nights) CHF 1\u2019750.- \/ Mensuel 4&rsquo;950.-<br>Nettoyage hebdomadaire CHF 125.- \/ Nettoyage de d\u00e9part CHF 195.-<\/p>\n\n\n\n<p>Stationnement priv\u00e9 souterrain<br>Nuit CHF 15.- \/ Hebdomadaire (7 nights) CHF 95.- \/ Mensuel 300.-<\/p>\n\n\n\n<p>Espace de stockage<br>Nuit CHF 10.- \/ Hebdomadaire (7 nights) CHF 65.- \/ Mensuel 150.- <\/p>\n\n\n\n<p><\/p>\n","protected":false},"excerpt":{"rendered":"<p>Pensez \u00e0 une tarification transparente pour les locations \u00e0 court terme comme si vous faisiez vos achats avec une \u00e9tiquette de prix sur tout. Pas de surprises, pas de frais cach\u00e9s, seulement une communication claire et honn\u00eate sur ce que vous payez. C&rsquo;est comme avoir un ami qui vous dit le co\u00fbt r\u00e9el des choses [&hellip;]<\/p>\n","protected":false},"author":2,"featured_media":0,"parent":0,"menu_order":0,"comment_status":"closed","ping_status":"closed","template":"","meta":{"_acf_changed":false,"footnotes":""},"class_list":["post-1387","page","type-page","status-publish","hentry"],"acf":[],"aioseo_notices":[],"_links":{"self":[{"href":"https:\/\/www.olympia-homes.ch\/fr\/wp-json\/wp\/v2\/pages\/1387","targetHints":{"allow":["GET"]}}],"collection":[{"href":"https:\/\/www.olympia-homes.ch\/fr\/wp-json\/wp\/v2\/pages"}],"about":[{"href":"https:\/\/www.olympia-homes.ch\/fr\/wp-json\/wp\/v2\/types\/page"}],"author":[{"embeddable":true,"href":"https:\/\/www.olympia-homes.ch\/fr\/wp-json\/wp\/v2\/users\/2"}],"replies":[{"embeddable":true,"href":"https:\/\/www.olympia-homes.ch\/fr\/wp-json\/wp\/v2\/comments?post=1387"}],"version-history":[{"count":12,"href":"https:\/\/www.olympia-homes.ch\/fr\/wp-json\/wp\/v2\/pages\/1387\/revisions"}],"predecessor-version":[{"id":1585,"href":"https:\/\/www.olympia-homes.ch\/fr\/wp-json\/wp\/v2\/pages\/1387\/revisions\/1585"}],"wp:attachment":[{"href":"https:\/\/www.olympia-homes.ch\/fr\/wp-json\/wp\/v2\/media?parent=1387"}],"curies":[{"name":"wp","href":"https:\/\/api.w.org\/{rel}","templated":true}]}}