{"id":614,"date":"2021-10-01T09:55:20","date_gmt":"2021-10-01T07:55:20","guid":{"rendered":"https:\/\/www.olympia-homes.ch\/homepage\/"},"modified":"2023-09-04T10:28:38","modified_gmt":"2023-09-04T08:28:38","slug":"homepage","status":"publish","type":"page","link":"https:\/\/www.olympia-homes.ch\/fr\/","title":{"rendered":"Accueil"},"content":{"rendered":"\n        <\/div>\n        <div class=\"slider-section\">\n                                            <div class=\"slider slider-load \">\n                                            <div class=\"slide\" style=\"background-image: url(https:\/\/www.olympia-homes.ch\/app\/uploads\/2023\/03\/24193-BackbonePhoto-WEB-29.jpg);\">\n                            <a href=\"https:\/\/www.olympia-homes.ch\/\">                                <div class=\"slick-caption container\">\n                                    <div class=\"slick-caption-inner\">\n                                        <div class=\"group w-full text-token-text-primary border-b border-black\/10 dark:border-gray-900\/50 bg-gray-50 dark:bg-[#444654]\">\n<div class=\"flex p-4 gap-4 text-base md:gap-6 md:max-w-2xl lg:max-w-[38rem] xl:max-w-3xl md:py-6 lg:px-0 m-auto\">\n<div class=\"relative flex w-[calc(100%-50px)] flex-col gap-1 md:gap-3 lg:w-[calc(100%-115px)]\">\n<div class=\"flex flex-grow flex-col gap-3\">\n<div class=\"min-h-[20px] flex flex-col items-start gap-3 overflow-x-auto whitespace-pre-wrap break-words\">\n<div class=\"markdown prose w-full break-words dark:prose-invert light\">\n<h1><strong>Bienvenue \u00e0 Olympia Homes &#8211; appartement de deux chambres<\/strong><\/h1>\n<\/div>\n<\/div>\n<\/div>\n<\/div>\n<\/div>\n<\/div>\n                                    <\/div>\n                                <\/div>\n                            <\/a>                            <div class=\"slick-caption-bottom container\">\n                                <div class=\"slider-legend\">Living room  |  Two Bedrooms<\/div>\n                            <\/div>\n                        <\/div>\n                                            <div class=\"slide\" style=\"background-image: url(https:\/\/www.olympia-homes.ch\/app\/uploads\/2023\/04\/2.5-pieces-63-BackbonePhoto-WEB-39-1.jpg);\">\n                                                            <div class=\"slick-caption container\">\n                                    <div class=\"slick-caption-inner\">\n                                        <h1><strong>Bienvenue \u00e0 Olympia Homes &#8211; appartement d&rsquo;une chambre<\/strong><\/h1>\n                                    <\/div>\n                                <\/div>\n                                                        <div class=\"slick-caption-bottom container\">\n                                <div class=\"slider-legend\"><\/div>\n                            <\/div>\n                        <\/div>\n                                            <div class=\"slide\" style=\"background-image: url(https:\/\/www.olympia-homes.ch\/app\/uploads\/2023\/06\/1-piece-45-BackbonePhoto-WEB-49.jpg);\">\n                                                            <div class=\"slick-caption container\">\n                                    <div class=\"slick-caption-inner\">\n                                        <h1><strong>Bienvenue \u00e0 Olympia Homes &#8211; studio<\/strong><\/h1>\n                                    <\/div>\n                                <\/div>\n                                                        <div class=\"slick-caption-bottom container\">\n                                <div class=\"slider-legend\"><\/div>\n                            <\/div>\n                        <\/div>\n                                    <\/div>\n                <div class=\"slick-info\">\n                    <div class=\"container\">\n                        <div class=\"slider-booking\">\n                            <div class=\"slider-popup-button\">\n                                <span class=\"book-btn\">Book<\/span>\n                                <span class=\"book-info\">Arrival&nbsp;&nbsp;|&nbsp;&nbsp;Departure<\/span>\n                            <\/div>\n                            <div class=\"slider-booking-popup\">\n                                <div class=\"close-btn\">\n                                    <span class=\"material-symbols-outlined\">\n                                        close\n                                    <\/span>\n                                <\/div>\n                                <p>Booking<\/p>\n                                <script data-cfasync=\"false\" src=\"https:\/\/ibe.sabeeapp.com\/bewidget.php?id=454f88c888def15711ee84927ae29425\" type=\"text\/javascript\" id=\"widget_454f88c888def15711ee84927ae29425\"><\/script>\n                            <\/div>\n                            <span class=\"scroll-btn\">\n                                <span class=\"scroll-btn__dot\"><\/span>\n                            <\/span>\n                        <\/div>\n                        <div class=\"slider-controls\">\n                            <p class=\"prev slick-arrow\">Pr\u00e9c\u00e9dent<\/p>\n                            <div class=\"pagingInfo\">\n                                <span class=\"current\"><\/span>\n                                <div class=\"timeline playing\">\/<\/div>\n                                <span class=\"total\"><\/span>\n                            <\/div>\n                            <p class=\"next slick-arrow\">Suivant<\/p>\n                        <\/div>\n                    <\/div>\n                <\/div>\n                    <\/div>\n        <div class=\"container\">\n\n\n\n\n\n            <div class=\"text-with-cta \">\n                        <p class=\"subtitle\">Notre histoire<\/p>\n                        <div class=\"row\">\n            <div class=\"col-lg-6 col-md-12\">\n                                                            <p class=\"title\">Olympia Homes vous propose une s\u00e9lection de 12 appartements enti\u00e8rement meubl\u00e9s, allant des studios aux appartements d&rsquo;une chambre et deux chambres. Les appartements sont situ\u00e9s \u00e0 Epalinges, un quartier r\u00e9sidentiel calme de Lausanne.<\/p>\n                                                <\/div>\n            <div class=\"col-lg-6 col-md-12 flex-center\">\n                                    <a href=\"https:\/\/www.olympia-homes.ch\/apartments\/\" class=\"cta\">                        <span class=\"cta-text\">Voir plus<\/span>\n                    <\/a>                            <\/div>\n        <\/div>\n    <\/div>\n\n\n\n\n\n    <\/div>\n    <div class=\"apartments-slider-section \">\n        <div class=\"container container-right\">\n            <p class=\"subtitle\">Trouvez votre bonheur<\/p>\n            <h2>Appartements<\/h2>\n            <div class=\"apartments-slider\">\n                \n<a href=\"https:\/\/www.olympia-homes.ch\/fr\/apartment\/two-bedrooms\/\" class=\"apartment-slider-item\" cursor-class=\"arrow\">\n    <div class=\"apartment-img\">\n                    <img loading=\"lazy\" decoding=\"async\" width=\"1024\" height=\"683\" src=\"https:\/\/www.olympia-homes.ch\/app\/uploads\/2023\/04\/24193-BackbonePhoto-WEB-2-2-1024x683.jpg\" class=\"post-image wp-post-image\" alt=\"\" srcset=\"https:\/\/www.olympia-homes.ch\/app\/uploads\/2023\/04\/24193-BackbonePhoto-WEB-2-2-1024x683.jpg 1024w, https:\/\/www.olympia-homes.ch\/app\/uploads\/2023\/04\/24193-BackbonePhoto-WEB-2-2-300x200.jpg 300w, https:\/\/www.olympia-homes.ch\/app\/uploads\/2023\/04\/24193-BackbonePhoto-WEB-2-2-768x512.jpg 768w, https:\/\/www.olympia-homes.ch\/app\/uploads\/2023\/04\/24193-BackbonePhoto-WEB-2-2-1536x1024.jpg 1536w, https:\/\/www.olympia-homes.ch\/app\/uploads\/2023\/04\/24193-BackbonePhoto-WEB-2-2-450x300.jpg 450w, https:\/\/www.olympia-homes.ch\/app\/uploads\/2023\/04\/24193-BackbonePhoto-WEB-2-2.jpg 1920w\" sizes=\"auto, (max-width: 1024px) 100vw, 1024px\" \/>            <img decoding=\"async\" src=\"https:\/\/www.olympia-homes.ch\/app\/themes\/child\/assets\/images\/frame-2.svg\" class=\"svg-frame\"\/>\n            <\/div>\n    <div class=\"apartment-content\">\n        <h3 data-hover=\"Deux chambres\"><span>Deux chambres<\/span><\/h3>\n        <span class=\"area\">74 m\u00b2<\/span>\n    <\/div>\n<\/a>\n\n\n<a href=\"https:\/\/www.olympia-homes.ch\/fr\/apartment\/une-chambre\/\" class=\"apartment-slider-item\" cursor-class=\"arrow\">\n    <div class=\"apartment-img\">\n                    <img loading=\"lazy\" decoding=\"async\" width=\"1024\" height=\"683\" src=\"https:\/\/www.olympia-homes.ch\/app\/uploads\/2023\/08\/2.5-pieces-63-BackbonePhoto-WEB-39-1024x683.jpg\" class=\"post-image wp-post-image\" alt=\"\" srcset=\"https:\/\/www.olympia-homes.ch\/app\/uploads\/2023\/08\/2.5-pieces-63-BackbonePhoto-WEB-39-1024x683.jpg 1024w, https:\/\/www.olympia-homes.ch\/app\/uploads\/2023\/08\/2.5-pieces-63-BackbonePhoto-WEB-39-300x200.jpg 300w, https:\/\/www.olympia-homes.ch\/app\/uploads\/2023\/08\/2.5-pieces-63-BackbonePhoto-WEB-39-768x512.jpg 768w, https:\/\/www.olympia-homes.ch\/app\/uploads\/2023\/08\/2.5-pieces-63-BackbonePhoto-WEB-39-1536x1024.jpg 1536w, https:\/\/www.olympia-homes.ch\/app\/uploads\/2023\/08\/2.5-pieces-63-BackbonePhoto-WEB-39-450x300.jpg 450w, https:\/\/www.olympia-homes.ch\/app\/uploads\/2023\/08\/2.5-pieces-63-BackbonePhoto-WEB-39.jpg 1920w\" sizes=\"auto, (max-width: 1024px) 100vw, 1024px\" \/>            <img decoding=\"async\" src=\"https:\/\/www.olympia-homes.ch\/app\/themes\/child\/assets\/images\/frame-2.svg\" class=\"svg-frame\"\/>\n            <\/div>\n    <div class=\"apartment-content\">\n        <h3 data-hover=\"Une chambre\"><span>Une chambre<\/span><\/h3>\n        <span class=\"area\">45 m\u00b2<\/span>\n    <\/div>\n<\/a>\n\n\n<a href=\"https:\/\/www.olympia-homes.ch\/fr\/apartment\/studio\/\" class=\"apartment-slider-item\" cursor-class=\"arrow\">\n    <div class=\"apartment-img\">\n                    <img loading=\"lazy\" decoding=\"async\" width=\"1024\" height=\"683\" src=\"https:\/\/www.olympia-homes.ch\/app\/uploads\/2023\/08\/1-piece-45-BackbonePhoto-WEB-49-1024x683.jpg\" class=\"post-image wp-post-image\" alt=\"\" srcset=\"https:\/\/www.olympia-homes.ch\/app\/uploads\/2023\/08\/1-piece-45-BackbonePhoto-WEB-49-1024x683.jpg 1024w, https:\/\/www.olympia-homes.ch\/app\/uploads\/2023\/08\/1-piece-45-BackbonePhoto-WEB-49-300x200.jpg 300w, https:\/\/www.olympia-homes.ch\/app\/uploads\/2023\/08\/1-piece-45-BackbonePhoto-WEB-49-768x512.jpg 768w, https:\/\/www.olympia-homes.ch\/app\/uploads\/2023\/08\/1-piece-45-BackbonePhoto-WEB-49-1536x1024.jpg 1536w, https:\/\/www.olympia-homes.ch\/app\/uploads\/2023\/08\/1-piece-45-BackbonePhoto-WEB-49-450x300.jpg 450w, https:\/\/www.olympia-homes.ch\/app\/uploads\/2023\/08\/1-piece-45-BackbonePhoto-WEB-49.jpg 1920w\" sizes=\"auto, (max-width: 1024px) 100vw, 1024px\" \/>            <img decoding=\"async\" src=\"https:\/\/www.olympia-homes.ch\/app\/themes\/child\/assets\/images\/frame-2.svg\" class=\"svg-frame\"\/>\n            <\/div>\n    <div class=\"apartment-content\">\n        <h3 data-hover=\"Studio\"><span>Studio<\/span><\/h3>\n        <span class=\"area\">30 m\u00b2<\/span>\n    <\/div>\n<\/a>\n\n\n                            <\/div>\n        <\/div>\n    <\/div>\n    <div class=\"container\">\n\n\n\n        <\/div>\n        <div class=\"slider-animated-elements-section inview\">\n                            <div class=\"animated-element\" data-scroll-speed=\"10\">\n                    <span class=\"element-img material-symbols-outlined\">school<\/span>\n                    <span>School<\/span>\n                <\/div>\n                <div class=\"animated-element\" data-scroll-speed=\"5\">\n                    <span class=\"element-img material-symbols-outlined\">local_library<\/span>\n                    <span>Library<\/span>\n                <\/div>\n                <div class=\"animated-element\" data-scroll-speed=\"4\">\n                    <span class=\"element-img material-symbols-outlined\">forest<\/span>\n                    <span>Nature<\/span>    \n                <\/div>\n                <div class=\"animated-element\" data-scroll-speed=\"8\"> \n                    <span class=\"element-img material-symbols-outlined\">water_lux<\/span>\n                    <span>L\u00e9man<\/span>    \n                <\/div>\n                <div class=\"animated-element\" data-scroll-speed=\"4\">\n                    <span class=\"element-img material-symbols-outlined\">dinner_dining<\/span>\n                    <span>Restaurant<\/span>    \n                <\/div>\n                <div class=\"animated-element\" data-scroll-speed=\"3\">\n                    <span class=\"element-img material-symbols-outlined\">fitness_center<\/span>\n                    <span>Fitness<\/span>    \n                <\/div>\n                                                        <div class=\"slider-animated-elements slider-load-2 \">\n                                    <div class=\"slide\">\n                        <div class=\"slick-caption container\">\n                            <div class=\"slick-caption-inner\">\n                                <p class=\"subtitle\">Proximit\u00e9<\/p>\n                                <p class=\"title\">03\u2019<\/p>\n                                <p class=\"description\">Provenant de l&rsquo;\u00c9cole h\u00f4teli\u00e8re de Lausanne (EHL)\r\n\r\n\r\n\r\n\r\n<\/p>\n                            <\/div>\n                        <\/div>\n                    <\/div>\n                                    <div class=\"slide\">\n                        <div class=\"slick-caption container\">\n                            <div class=\"slick-caption-inner\">\n                                <p class=\"subtitle\">Proximit\u00e9<\/p>\n                                <p class=\"title\">06\u2019<\/p>\n                                <p class=\"description\">Depuis la gare de Lausanne\r\n\r\n\r\n\r\n\r\n<\/p>\n                            <\/div>\n                        <\/div>\n                    <\/div>\n                                <\/div>\n                <div class=\"slider-controls\">\n                    <p class=\"prev slick-arrow\">Pr\u00e9c\u00e9dent<\/p>\n                    <div class=\"pagingInfo\">\n                        <span class=\"current\"><\/span>\n                        <div class=\"timeline playing\">\/<\/div>\n                        <span class=\"total\"><\/span>\n                    <\/div>\n                    <p class=\"next slick-arrow\">Suivant<\/p>\n                <\/div>\n                    <\/div>\n        <div class=\"container\">\n\n\n\n\n\n    <div class=\"comments-slider-section \">\n        <p class=\"subtitle\">Votre exp\u00e9rience<\/p>\n        <h2>Commentaires<\/h2>\n        <div class=\"comments-slider\">\n            \n<div class=\"comment-slider-item\">\n    <a href=\"https:\/\/www.olympia-homes.ch\/fr\/shu-chen\/\" cursor-class=\"arrow\">\n        <div class=\"comment-header\">\n                            <div class=\"img-wrap\">\n                    <img loading=\"lazy\" decoding=\"async\" width=\"56\" height=\"56\" src=\"https:\/\/www.olympia-homes.ch\/app\/themes\/child\/assets\/images\/olympia_author_placeholder.png\" class=\"post-image wp-post-image\" alt=\"\">\n                <\/div>\n                        <div class=\"comment-header-text\">\n                <h3>Shu-Chen<\/h3>\n                <span class=\"date\">juillet 2023<\/span>\n            <\/div>\n        <\/div>\n        <div class=\"comment-content\">\n            <p class=\"teaser\">Ma famille et moi avons appr\u00e9ci\u00e9 notre s\u00e9jour dans cet Airbnb. Le b\u00e2timent est relativement r\u00e9cent et l&rsquo;appartement est moderne et \u00e9quip\u00e9 de tou&#8230;<\/p>\n            <p class=\"more\">Voir plus<\/p>\n        <\/div>\n    <\/a>\n<\/div>\n\n\n<div class=\"comment-slider-item\">\n    <a href=\"https:\/\/www.olympia-homes.ch\/fr\/polina-dubai-united-arab-emirates\/\" cursor-class=\"arrow\">\n        <div class=\"comment-header\">\n                            <div class=\"img-wrap\">\n                    <img loading=\"lazy\" decoding=\"async\" width=\"56\" height=\"56\" src=\"https:\/\/www.olympia-homes.ch\/app\/themes\/child\/assets\/images\/olympia_author_placeholder.png\" class=\"post-image wp-post-image\" alt=\"\">\n                <\/div>\n                        <div class=\"comment-header-text\">\n                <h3>Polina, Dubai, United Arab Emirates<\/h3>\n                <span class=\"date\">f\u00e9vrier 2023<\/span>\n            <\/div>\n        <\/div>\n        <div class=\"comment-content\">\n            <p class=\"teaser\">Studio super mignon et confortable. Il a tout ce dont vous auriez besoin pour un court s\u00e9jour.<\/p>\n            <p class=\"more\">Voir plus<\/p>\n        <\/div>\n    <\/a>\n<\/div>\n\n\n<div class=\"comment-slider-item\">\n    <a href=\"https:\/\/www.olympia-homes.ch\/fr\/sophie-nice-france\/\" cursor-class=\"arrow\">\n        <div class=\"comment-header\">\n                            <div class=\"img-wrap\">\n                    <img loading=\"lazy\" decoding=\"async\" width=\"56\" height=\"56\" src=\"https:\/\/www.olympia-homes.ch\/app\/themes\/child\/assets\/images\/olympia_author_placeholder.png\" class=\"post-image wp-post-image\" alt=\"\">\n                <\/div>\n                        <div class=\"comment-header-text\">\n                <h3>Sophie, Nice, France<\/h3>\n                <span class=\"date\">f\u00e9vrier 2023<\/span>\n            <\/div>\n        <\/div>\n        <div class=\"comment-content\">\n            <p class=\"teaser\">Un appartement impeccable, tr\u00e8s lumineux avec 2 belles chambres, une salle de bains avec toilettes, une salle de douche avec toilettes, une belle terr&#8230;<\/p>\n            <p class=\"more\">Voir plus<\/p>\n        <\/div>\n    <\/a>\n<\/div>\n\n\n<div class=\"comment-slider-item\">\n    <a href=\"https:\/\/www.olympia-homes.ch\/fr\/melissa-zurich-switzerland\/\" cursor-class=\"arrow\">\n        <div class=\"comment-header\">\n                            <div class=\"img-wrap\">\n                    <img loading=\"lazy\" decoding=\"async\" width=\"56\" height=\"56\" src=\"https:\/\/www.olympia-homes.ch\/app\/themes\/child\/assets\/images\/olympia_author_placeholder.png\" class=\"post-image wp-post-image\" alt=\"\">\n                <\/div>\n                        <div class=\"comment-header-text\">\n                <h3>Melissa, Zurich, Switzerland<\/h3>\n                <span class=\"date\">novembre 2022<\/span>\n            <\/div>\n        <\/div>\n        <div class=\"comment-content\">\n            <p class=\"teaser\">Super endroit et emplacement. Bonne communication. J&rsquo;adorerais s\u00e9journer ici \u00e0 nouveau lorsque je serai dans la r\u00e9gion.<\/p>\n            <p class=\"more\">Voir plus<\/p>\n        <\/div>\n    <\/a>\n<\/div>\n\n\n<div class=\"comment-slider-item\">\n    <a href=\"https:\/\/www.olympia-homes.ch\/fr\/nathalie\/\" cursor-class=\"arrow\">\n        <div class=\"comment-header\">\n                            <div class=\"img-wrap\">\n                    <img loading=\"lazy\" decoding=\"async\" width=\"56\" height=\"56\" src=\"https:\/\/www.olympia-homes.ch\/app\/themes\/child\/assets\/images\/olympia_author_placeholder.png\" class=\"post-image wp-post-image\" alt=\"\">\n                <\/div>\n                        <div class=\"comment-header-text\">\n                <h3>Nathalie<\/h3>\n                <span class=\"date\">novembre 2022<\/span>\n            <\/div>\n        <\/div>\n        <div class=\"comment-content\">\n            <p class=\"teaser\">Cet appartement confortable d&rsquo;une chambre est situ\u00e9 dans un endroit id\u00e9al \u00e0 c\u00f4t\u00e9 des arr\u00eats de bus et des supermarch\u00e9s \u00e0 Croix Blanche. L&rsquo;&#8230;<\/p>\n            <p class=\"more\">Voir plus<\/p>\n        <\/div>\n    <\/a>\n<\/div>\n\n\n<div class=\"comment-slider-item\">\n    <a href=\"https:\/\/www.olympia-homes.ch\/fr\/ben\/\" cursor-class=\"arrow\">\n        <div class=\"comment-header\">\n                            <div class=\"img-wrap\">\n                    <img loading=\"lazy\" decoding=\"async\" width=\"56\" height=\"56\" src=\"https:\/\/www.olympia-homes.ch\/app\/themes\/child\/assets\/images\/olympia_author_placeholder.png\" class=\"post-image wp-post-image\" alt=\"\">\n                <\/div>\n                        <div class=\"comment-header-text\">\n                <h3>Ben<\/h3>\n                <span class=\"date\">novembre 2022<\/span>\n            <\/div>\n        <\/div>\n        <div class=\"comment-content\">\n            <p class=\"teaser\">Excellent endroit et rapport qualit\u00e9-prix. Tr\u00e8s bien situ\u00e9 et parfait pour ce dont j&rsquo;avais besoin. Bel appartement, joliment meubl\u00e9 et avec tous&#8230;<\/p>\n            <p class=\"more\">Voir plus<\/p>\n        <\/div>\n    <\/a>\n<\/div>\n\n\n<div class=\"comment-slider-item\">\n    <a href=\"https:\/\/www.olympia-homes.ch\/fr\/gabriele-fiorano-medenese-italy\/\" cursor-class=\"arrow\">\n        <div class=\"comment-header\">\n                            <div class=\"img-wrap\">\n                    <img loading=\"lazy\" decoding=\"async\" width=\"56\" height=\"56\" src=\"https:\/\/www.olympia-homes.ch\/app\/themes\/child\/assets\/images\/olympia_author_placeholder.png\" class=\"post-image wp-post-image\" alt=\"\">\n                <\/div>\n                        <div class=\"comment-header-text\">\n                <h3>Gabriele, Fiorano Medenese, Italy<\/h3>\n                <span class=\"date\">novembre 2022<\/span>\n            <\/div>\n        <\/div>\n        <div class=\"comment-content\">\n            <p class=\"teaser\">Des appartements toujours propres et bien \u00e9quip\u00e9s. Un emplacement pratique pour le travail ou les voyages de loisirs. Une communication rapide et effi&#8230;<\/p>\n            <p class=\"more\">Voir plus<\/p>\n        <\/div>\n    <\/a>\n<\/div>\n\n\n<div class=\"comment-slider-item\">\n    <a href=\"https:\/\/www.olympia-homes.ch\/fr\/loredana-cluj-napoca-romania\/\" cursor-class=\"arrow\">\n        <div class=\"comment-header\">\n                            <div class=\"img-wrap\">\n                    <img loading=\"lazy\" decoding=\"async\" width=\"56\" height=\"56\" src=\"https:\/\/www.olympia-homes.ch\/app\/themes\/child\/assets\/images\/olympia_author_placeholder.png\" class=\"post-image wp-post-image\" alt=\"\">\n                <\/div>\n                        <div class=\"comment-header-text\">\n                <h3>Loredana, Cluj-Napoca, Romania<\/h3>\n                <span class=\"date\">ao\u00fbt 2022<\/span>\n            <\/div>\n        <\/div>\n        <div class=\"comment-content\">\n            <p class=\"teaser\">Nous avons pass\u00e9 un merveilleux s\u00e9jour \u00e0 l&rsquo;appartement Samanthei. L&rsquo;appartement est neuf et moderne, lumineux et tr\u00e8s accueillant. L&#038;rsquo&#8230;<\/p>\n            <p class=\"more\">Voir plus<\/p>\n        <\/div>\n    <\/a>\n<\/div>\n\n\n<div class=\"comment-slider-item\">\n    <a href=\"https:\/\/www.olympia-homes.ch\/fr\/oceane\/\" cursor-class=\"arrow\">\n        <div class=\"comment-header\">\n                            <div class=\"img-wrap\">\n                    <img loading=\"lazy\" decoding=\"async\" width=\"56\" height=\"56\" src=\"https:\/\/www.olympia-homes.ch\/app\/themes\/child\/assets\/images\/olympia_author_placeholder.png\" class=\"post-image wp-post-image\" alt=\"\">\n                <\/div>\n                        <div class=\"comment-header-text\">\n                <h3>Oc\u00e9ane<\/h3>\n                <span class=\"date\">juillet 2022<\/span>\n            <\/div>\n        <\/div>\n        <div class=\"comment-content\">\n            <p class=\"teaser\">Nous sommes ravis de notre s\u00e9jour. L&#8217;emplacement est excellent (tr\u00e8s proche du centre-ville de Lausanne, de l&rsquo;aquarium et de l&rsquo;autor&#8230;<\/p>\n            <p class=\"more\">Voir plus<\/p>\n        <\/div>\n    <\/a>\n<\/div>\n\n\n                    <\/div>\n        <div class=\"comments-slider-footer\">\n            <div class=\"slider-controls\">\n                <p class=\"prev slick-arrow\">Pr\u00e9c\u00e9dent<\/p>\n                <div class=\"pagingInfo\">\n                    <span class=\"current\"><\/span>\n                    <div class=\"timeline playing\">\/<\/div>\n                    <span class=\"total\"><\/span>\n                <\/div>\n                <p class=\"next slick-arrow\">Suivant<\/p>\n            <\/div>\n            <div class=\"comments-slider-button\">\n                <a href=\"https:\/\/www.olympia-homes.ch\/comments\/\" class=\"button light-btn\">Tous les commentaires<\/a>\n                <a href=\"https:\/\/www.olympia-homes.ch\/leave-a-comment\/\" class=\"button\">Laisser un commentaire<\/a>\n            <\/div>\n        <\/div>\n    <\/div>\n","protected":false},"excerpt":{"rendered":"","protected":false},"author":1,"featured_media":0,"parent":0,"menu_order":0,"comment_status":"closed","ping_status":"closed","template":"","meta":{"_acf_changed":false,"footnotes":""},"class_list":["post-614","page","type-page","status-publish","hentry"],"acf":[],"aioseo_notices":[],"_links":{"self":[{"href":"https:\/\/www.olympia-homes.ch\/fr\/wp-json\/wp\/v2\/pages\/614","targetHints":{"allow":["GET"]}}],"collection":[{"href":"https:\/\/www.olympia-homes.ch\/fr\/wp-json\/wp\/v2\/pages"}],"about":[{"href":"https:\/\/www.olympia-homes.ch\/fr\/wp-json\/wp\/v2\/types\/page"}],"author":[{"embeddable":true,"href":"https:\/\/www.olympia-homes.ch\/fr\/wp-json\/wp\/v2\/users\/1"}],"replies":[{"embeddable":true,"href":"https:\/\/www.olympia-homes.ch\/fr\/wp-json\/wp\/v2\/comments?post=614"}],"version-history":[{"count":20,"href":"https:\/\/www.olympia-homes.ch\/fr\/wp-json\/wp\/v2\/pages\/614\/revisions"}],"predecessor-version":[{"id":1399,"href":"https:\/\/www.olympia-homes.ch\/fr\/wp-json\/wp\/v2\/pages\/614\/revisions\/1399"}],"wp:attachment":[{"href":"https:\/\/www.olympia-homes.ch\/fr\/wp-json\/wp\/v2\/media?parent=614"}],"curies":[{"name":"wp","href":"https:\/\/api.w.org\/{rel}","templated":true}]}}